{"id":30,"date":"2024-06-20T10:17:29","date_gmt":"2024-06-20T10:17:29","guid":{"rendered":"http:\/\/www.bobasowyraj.pl\/?page_id=30"},"modified":"2024-06-20T10:23:09","modified_gmt":"2024-06-20T10:23:09","slug":"o-nas","status":"publish","type":"page","link":"https:\/\/www.bobasowyraj.pl\/index.php\/o-nas\/","title":{"rendered":"O nas"},"content":{"rendered":"<p><strong>Witamy na Bobasowy Raj!<\/strong><\/p>\n<p>Cze\u015b\u0107! Jeste\u015bmy zespo\u0142em rodzic\u00f3w, kt\u00f3rzy z pasj\u0105 testuj\u0105 i recenzuj\u0105 miejsca przyjazne dzieciom. Na naszym blogu znajdziecie rzetelne i szczeg\u00f3\u0142owe opinie o restauracjach, placach zabaw, hotelach i innych miejscach, kt\u00f3re warto odwiedzi\u0107 z maluchami. Chcemy pom\u00f3c Wam znale\u017a\u0107 idealne miejsca na rodzinne wyj\u015bcia, aby ka\u017cda chwila sp\u0119dzona z dzie\u0107mi by\u0142a wyj\u0105tkowa i bezstresowa.<\/p>\n","protected":false},"excerpt":{"rendered":"<p>Witamy na Bobasowy Raj! Cze\u015b\u0107! Jeste\u015bmy zespo\u0142em rodzic\u00f3w, kt\u00f3rzy z pasj\u0105 testuj\u0105 i recenzuj\u0105 miejsca przyjazne dzieciom. Na naszym blogu znajdziecie rzetelne i szczeg\u00f3\u0142owe opinie o restauracjach, placach zabaw, hotelach i innych miejscach, kt\u00f3re warto odwiedzi\u0107 z maluchami. Chcemy pom\u00f3c Wam znale\u017a\u0107 idealne miejsca na rodzinne wyj\u015bcia, aby ka\u017cda chwila sp\u0119dzona z dzie\u0107mi by\u0142a wyj\u0105tkowa &hellip; <\/p>\n","protected":false},"author":1,"featured_media":0,"parent":0,"menu_order":0,"comment_status":"closed","ping_status":"closed","template":"","meta":{"footnotes":""},"class_list":["post-30","page","type-page","status-publish","hentry"],"aioseo_notices":[],"_links":{"self":[{"href":"https:\/\/www.bobasowyraj.pl\/index.php\/wp-json\/wp\/v2\/pages\/30","targetHints":{"allow":["GET"]}}],"collection":[{"href":"https:\/\/www.bobasowyraj.pl\/index.php\/wp-json\/wp\/v2\/pages"}],"about":[{"href":"https:\/\/www.bobasowyraj.pl\/index.php\/wp-json\/wp\/v2\/types\/page"}],"author":[{"embeddable":true,"href":"https:\/\/www.bobasowyraj.pl\/index.php\/wp-json\/wp\/v2\/users\/1"}],"replies":[{"embeddable":true,"href":"https:\/\/www.bobasowyraj.pl\/index.php\/wp-json\/wp\/v2\/comments?post=30"}],"version-history":[{"count":2,"href":"https:\/\/www.bobasowyraj.pl\/index.php\/wp-json\/wp\/v2\/pages\/30\/revisions"}],"predecessor-version":[{"id":39,"href":"https:\/\/www.bobasowyraj.pl\/index.php\/wp-json\/wp\/v2\/pages\/30\/revisions\/39"}],"wp:attachment":[{"href":"https:\/\/www.bobasowyraj.pl\/index.php\/wp-json\/wp\/v2\/media?parent=30"}],"curies":[{"name":"wp","href":"https:\/\/api.w.org\/{rel}","templated":true}]}}